{"id":19,"date":"2025-12-22T14:40:30","date_gmt":"2025-12-22T13:40:30","guid":{"rendered":"https:\/\/saint-laurent-en-beaumont2026.fr\/?page_id=19"},"modified":"2025-12-22T14:41:33","modified_gmt":"2025-12-22T13:41:33","slug":"mentions-legales","status":"publish","type":"page","link":"https:\/\/saint-laurent-en-beaumont2026.fr\/index.php\/mentions-legales\/","title":{"rendered":"Mentions l\u00e9gales"},"content":{"rendered":"\n<h3 class=\"wp-block-heading\">\u00c9diteur du site<\/h3>\n\n\n\n<p>Nom et pr\u00e9nom : Marta RYBCZYNSKA<br>Statut : Personne physique<br>Adresse : 31 impasse du Caf\u00e9, 38350 Saint Laurent en Beaumont, France<br>Adresse e-mail : marta NOSPAM rybczynska DOT net<\/p>\n\n\n\n<h3 class=\"wp-block-heading\">H\u00e9bergement<\/h3>\n\n\n\n<p>Le site est h\u00e9berg\u00e9 par :<\/p>\n\n\n\n<p>OVH SAS, 2 rue Kellermann, 59100 Roubaix, France<\/p>\n\n\n\n<p>T\u00e9l\u00e9phone : +33 (0)9 72 10 10 07<br>Site web : <a href=\"https:\/\/www.ovhcloud.com\">https:\/\/www.ovhcloud.com<\/a><\/p>\n\n\n\n<h3 class=\"wp-block-heading\">Propri\u00e9t\u00e9 intellectuelle<\/h3>\n\n\n\n<p>Toute reproduction, repr\u00e9sentation, modification, publication, adaptation, totale ou partielle des \u00e9l\u00e9ments du site, par quelque proc\u00e9d\u00e9 que ce soit, sans autorisation \u00e9crite pr\u00e9alable, est interdite et constitue une contrefa\u00e7on au sens des articles L.335-2 et suivants du Code de la propri\u00e9t\u00e9 intellectuelle.<\/p>\n\n\n\n<h3 class=\"wp-block-heading\">Responsabilit\u00e9<\/h3>\n\n\n\n<p>Les informations diffus\u00e9es sur ce site sont fournies \u00e0 titre informatif. L\u2019\u00e9diteur s\u2019efforce d\u2019assurer l\u2019exactitude et la mise \u00e0 jour des informations publi\u00e9es, mais ne saurait garantir l\u2019absence d\u2019erreurs ou d\u2019omissions.<\/p>\n\n\n\n<p>L\u2019\u00e9diteur ne pourra \u00eatre tenu responsable de dommages directs ou indirects r\u00e9sultant de l\u2019acc\u00e8s ou de l\u2019utilisation du site.<\/p>\n\n\n\n<h3 class=\"wp-block-heading\">Donn\u00e9es personnelles<\/h3>\n\n\n\n<p>Ce site ne collecte pas de donn\u00e9es personnelles, ou uniquement les donn\u00e9es strictement n\u00e9cessaires \u00e0 son fonctionnement (par exemple via un formulaire de contact ou des journaux techniques).<\/p>\n\n\n\n<p>Conform\u00e9ment au R\u00e8glement (UE) 2016\/679 du Parlement europ\u00e9en et du Conseil (RGPD), vous disposez d\u2019un droit d\u2019acc\u00e8s, de rectification, d\u2019effacement et de limitation du traitement des donn\u00e9es vous concernant.<\/p>\n\n\n\n<p>Pour exercer ces droits, vous pouvez contacter l\u2019\u00e9diteur \u00e0 l\u2019adresse suivante :  marta NOSPAM rybczynska DOT net<\/p>\n\n\n\n<h3 class=\"wp-block-heading\">Cookies<\/h3>\n\n\n\n<p>Ce site n\u2019utilise pas de cookies de suivi ou de mesure d\u2019audience, ou uniquement des cookies strictement n\u00e9cessaires \u00e0 son fonctionnement.<\/p>\n\n\n\n<h3 class=\"wp-block-heading\">Droit applicable<\/h3>\n\n\n\n<p>Le pr\u00e9sent site est soumis au droit fran\u00e7ais.<br>En cas de litige, et \u00e0 d\u00e9faut de r\u00e9solution amiable, les tribunaux fran\u00e7ais seront seuls comp\u00e9tents.<\/p>\n","protected":false},"excerpt":{"rendered":"<p>\u00c9diteur du site Nom et pr\u00e9nom : Marta RYBCZYNSKAStatut : Personne physiqueAdresse : 31 impasse du Caf\u00e9, 38350 Saint Laurent en Beaumont, FranceAdresse e-mail : marta NOSPAM rybczynska DOT net H\u00e9bergement Le site est h\u00e9berg\u00e9 par : OVH SAS, 2 rue Kellermann, 59100 Roubaix, France T\u00e9l\u00e9phone : +33 (0)9 72 10 10 07Site web : [&hellip;]<\/p>\n","protected":false},"author":2,"featured_media":0,"parent":0,"menu_order":0,"comment_status":"closed","ping_status":"closed","template":"","meta":{"footnotes":""},"class_list":["post-19","page","type-page","status-publish","hentry"],"_links":{"self":[{"href":"https:\/\/saint-laurent-en-beaumont2026.fr\/index.php\/wp-json\/wp\/v2\/pages\/19","targetHints":{"allow":["GET"]}}],"collection":[{"href":"https:\/\/saint-laurent-en-beaumont2026.fr\/index.php\/wp-json\/wp\/v2\/pages"}],"about":[{"href":"https:\/\/saint-laurent-en-beaumont2026.fr\/index.php\/wp-json\/wp\/v2\/types\/page"}],"author":[{"embeddable":true,"href":"https:\/\/saint-laurent-en-beaumont2026.fr\/index.php\/wp-json\/wp\/v2\/users\/2"}],"replies":[{"embeddable":true,"href":"https:\/\/saint-laurent-en-beaumont2026.fr\/index.php\/wp-json\/wp\/v2\/comments?post=19"}],"version-history":[{"count":1,"href":"https:\/\/saint-laurent-en-beaumont2026.fr\/index.php\/wp-json\/wp\/v2\/pages\/19\/revisions"}],"predecessor-version":[{"id":20,"href":"https:\/\/saint-laurent-en-beaumont2026.fr\/index.php\/wp-json\/wp\/v2\/pages\/19\/revisions\/20"}],"wp:attachment":[{"href":"https:\/\/saint-laurent-en-beaumont2026.fr\/index.php\/wp-json\/wp\/v2\/media?parent=19"}],"curies":[{"name":"wp","href":"https:\/\/api.w.org\/{rel}","templated":true}]}}