{"id":12,"date":"2025-12-22T14:20:49","date_gmt":"2025-12-22T13:20:49","guid":{"rendered":"https:\/\/saint-laurent-en-beaumont2026.fr\/?page_id=12"},"modified":"2026-03-16T14:24:50","modified_gmt":"2026-03-16T13:24:50","slug":"retour-sur-nos-reunions-de-villages","status":"publish","type":"page","link":"https:\/\/saint-laurent-en-beaumont2026.fr\/","title":{"rendered":"Merci pour votre confiance\u00a0!"},"content":{"rendered":"\n<p>Les r\u00e9sultats sont maintenant connus. Notre liste a obtenu&nbsp;<strong>117 voix<\/strong>&nbsp;et comptera&nbsp;<strong>2 \u00e9lus au conseil municipal<\/strong>.<\/p>\n\n\n\n<p>Nous remercions sinc\u00e8rement toutes celles et ceux qui nous ont accord\u00e9 leur confiance. Votre soutien compte beaucoup pour nous.<\/p>\n\n\n\n<p>M\u00eame si nous aurions souhait\u00e9 un autre r\u00e9sultat, votre vote montre qu\u2019une part importante des habitants partage notre volont\u00e9 de faire vivre notre commune avec&nbsp;<strong>plus d\u2019\u00e9coute, de dialogue et de participation<\/strong>.<\/p>\n\n\n\n<p>Notre dynamique tant sur <strong>le principe de communication que sur nos r\u00e9flexions<\/strong> concernant notre programme aura marqu\u00e9 et sera <strong>un point fort d\u2019\u00e9volution des bonnes pratiques<\/strong>.<\/p>\n\n\n\n<p>Au conseil municipal, nos deux \u00e9lus auront \u00e0 c\u0153ur de&nbsp;<strong>repr\u00e9senter celles et ceux qui nous ont fait confiance<\/strong>, tout en travaillant&nbsp;<strong>dans l\u2019int\u00e9r\u00eat de l\u2019ensemble des habitants de la commune<\/strong>.<\/p>\n\n\n\n<p>Nous le ferons dans un esprit&nbsp;<strong>constructif, mais exigeant<\/strong>&nbsp;:<\/p>\n\n\n\n<ul class=\"wp-block-list\">\n<li>constructif, parce que notre priorit\u00e9 restera toujours le bien de la commune ;<\/li>\n\n\n\n<li>exigeant, parce que nous continuerons \u00e0 d\u00e9fendre les id\u00e9es et les engagements que nous avons port\u00e9 pendant cette campagne.<\/li>\n<\/ul>\n\n\n\n<p>Cette \u00e9lection a aussi permis de&nbsp;<strong>faire na\u00eetre de nombreux \u00e9changes et de belles rencontres<\/strong>&nbsp;dans nos villages. Nous souhaitons que cette dynamique continue.<\/p>\n\n\n\n<p><strong>Un grand<\/strong> <strong>merci \u00e0 toutes et tous<\/strong>&nbsp;pour votre confiance, votre soutien et votre engagement \u00e0 nos c\u00f4t\u00e9s.<\/p>\n\n\n\n<p>\u00c0 tr\u00e8s bient\u00f4t dans nos villages.<\/p>\n\n\n\n<figure class=\"wp-block-image aligncenter size-large is-resized\"><img loading=\"lazy\" decoding=\"async\" width=\"819\" height=\"1024\" src=\"https:\/\/saint-laurent-en-beaumont2026.fr\/wp-content\/uploads\/2026\/02\/montage-equipe-VF-819x1024.jpg\" alt=\"Saint Laurent en Beaumont - Ensemble, Aujourd'hui et Demain\" class=\"wp-image-201\" style=\"width:600px\" srcset=\"https:\/\/saint-laurent-en-beaumont2026.fr\/wp-content\/uploads\/2026\/02\/montage-equipe-VF-819x1024.jpg 819w, https:\/\/saint-laurent-en-beaumont2026.fr\/wp-content\/uploads\/2026\/02\/montage-equipe-VF-240x300.jpg 240w, https:\/\/saint-laurent-en-beaumont2026.fr\/wp-content\/uploads\/2026\/02\/montage-equipe-VF-768x960.jpg 768w, https:\/\/saint-laurent-en-beaumont2026.fr\/wp-content\/uploads\/2026\/02\/montage-equipe-VF-1229x1536.jpg 1229w, https:\/\/saint-laurent-en-beaumont2026.fr\/wp-content\/uploads\/2026\/02\/montage-equipe-VF.jpg 1500w\" sizes=\"auto, (max-width: 819px) 100vw, 819px\" \/><\/figure>\n\n\n\n<p>Nous vous pr\u00e9sentons notre \u00e9quipe :<\/p>\n\n\n\n<p><a href=\"https:\/\/saint-laurent-en-beaumont2026.fr\/index.php\/2026\/02\/06\/marie-blois\/\" data-type=\"post\" data-id=\"180\"><strong>Marie Blois<\/strong><\/a> &#8211; 42 ans, Chardenot, socio-esth\u00e9ticienne et en formation de naturopathie<\/p>\n\n\n\n<p><a href=\"https:\/\/saint-laurent-en-beaumont2026.fr\/index.php\/2026\/02\/10\/bernard-charles\/\" data-type=\"post\" data-id=\"188\"><strong>Bernard Charles<\/strong><\/a> &#8211; 65 ans, Chalm\u00e9ane, retrait\u00e9 chef de projets dans l\u2019industrie<\/p>\n\n\n\n<p><a href=\"https:\/\/saint-laurent-en-beaumont2026.fr\/index.php\/2026\/01\/23\/isabelle-mendes\/\" data-type=\"post\" data-id=\"136\"><strong>Isabelle Mendes<\/strong><\/a> &#8211; 51 ans, le Bourg, salari\u00e9e du secteur social<\/p>\n\n\n\n<p><a href=\"https:\/\/saint-laurent-en-beaumont2026.fr\/index.php\/2026\/01\/13\/kevin-sechier\/\" data-type=\"post\" data-id=\"107\"><strong>Kevin Sechier<\/strong><\/a> &#8211; 32 ans, Chardenot, chef d&#8217;\u00e9quipe maintenance en b\u00e2timent<\/p>\n\n\n\n<p><a href=\"https:\/\/saint-laurent-en-beaumont2026.fr\/index.php\/2026\/01\/12\/marta-rybczynska\/\" data-type=\"post\" data-id=\"85\"><strong>Marta Rybczynska<\/strong><\/a> &#8211; 45 ans, les Miards, entrepreneure en cybers\u00e9curit\u00e9<\/p>\n\n\n\n<p><a href=\"https:\/\/saint-laurent-en-beaumont2026.fr\/index.php\/2026\/01\/12\/thierry-meilland-rey\/\" data-type=\"post\" data-id=\"88\"><strong>Thierry Meilland-Rey<\/strong><\/a> &#8211; 68 ans, Malbuisson, retrait\u00e9 de l&#8217;industrie<\/p>\n\n\n\n<p><strong><a href=\"https:\/\/saint-laurent-en-beaumont2026.fr\/index.php\/2026\/02\/03\/dimitri-girardi\/\" data-type=\"post\" data-id=\"171\">Dimitri Girardi<\/a> <\/strong>&#8211; 37 ans, Malbuisson, thanatopracteur &amp; chef d\u2019entreprise<\/p>\n\n\n\n<p><a href=\"https:\/\/saint-laurent-en-beaumont2026.fr\/index.php\/2026\/01\/16\/marjorie-freynet\/\" data-type=\"post\" data-id=\"117\"><strong>Marjorie Freynet<\/strong><\/a> &#8211; 30 ans, le Bourg, \u00e9ducatrice, aupr\u00e8s de jeunes porteur du trouble du spectre autistique<\/p>\n\n\n\n<p><strong><a href=\"https:\/\/saint-laurent-en-beaumont2026.fr\/index.php\/2026\/01\/27\/franck-giraud-bit\/\" data-type=\"post\" data-id=\"148\">Franck Giraud-Bit<\/a> <\/strong>&#8211; 60 ans, Villelonge, chauffeur PL<\/p>\n\n\n\n<p><a href=\"https:\/\/saint-laurent-en-beaumont2026.fr\/index.php\/2026\/01\/30\/claire-royer\/\" data-type=\"post\" data-id=\"162\"><strong>Claire Royer<\/strong> <\/a>&#8211; 46 ans, Malbuisson, secr\u00e9taire m\u00e9dicale<\/p>\n\n\n\n<p><strong><a href=\"https:\/\/saint-laurent-en-beaumont2026.fr\/index.php\/2026\/01\/20\/jean-michel-djemaoui\/\" data-type=\"post\" data-id=\"125\">Jean Michel Djemaou<\/a>i<\/strong> &#8211; 64 ans, les Terrasses, retrait\u00e9 ouvrier Schneider Electric, syndicaliste<\/p>\n\n\n\n<hr class=\"wp-block-separator has-alpha-channel-opacity\"\/>\n\n\n\n<p><strong><em>Chers Saint Laurentins,<\/em><\/strong><\/p>\n\n\n\n<p>voici six semaines que nous vous faisons part de nos ambitions :<\/p>\n\n\n\n<p>\u2022 en vous pr\u00e9sentant notre Equipe ;<\/p>\n\n\n\n<p>\u2022 en vous \u00e9non\u00e7ant nos constats qui, en reprenant vos remarques, d\u00e9bouchent sur nos propositions.<\/p>\n\n\n\n<p><\/p>\n\n\n\n<p>Si nous devions en r\u00e9sumer les points forts :<\/p>\n\n\n\n<ul class=\"wp-block-list\">\n<li>Vie sociale et communication :\n<ul class=\"wp-block-list\">\n<li>Remettre l\u2019\u00e9coute, l\u2019\u00e9change, la communication au c\u0153ur de nos actions ;<\/li>\n\n\n\n<li>Recr\u00e9er un tissu associatif vaste. Dynamiser notre communaut\u00e9.<\/li>\n<\/ul>\n<\/li>\n\n\n\n<li>Circulation :\n<ul class=\"wp-block-list\">\n<li>Avec votre participation, voir quels am\u00e9nagements pourraient limiter la vitesse de v\u00e9hicules et am\u00e9liorer les parkings et la signal\u00e9tique ;<\/li>\n\n\n\n<li>S\u00e9curiser les bords de route pour les pi\u00e9tons et les scolaires.<\/li>\n<\/ul>\n<\/li>\n\n\n\n<li>Patrimoine et environnement :\n<ul class=\"wp-block-list\">\n<li>Pr\u00e9server, valoriser notre patrimoine. Embellir nos espaces publiques ;<\/li>\n\n\n\n<li>Entretenir nos chemins, nos sentiers pour un accueil digne de notre commune.<\/li>\n<\/ul>\n<\/li>\n\n\n\n<li>Moteur de vitalit\u00e9 du dynamisme : notre \u00e9cole, notre jeunesse :\n<ul class=\"wp-block-list\">\n<li>Nous battre tous ensemble pour la sauvegarde de notre \u00e9cole ;<\/li>\n\n\n\n<li>Am\u00e9nager des espaces d\u2019accueil pour familles, enfants et jeunes autour du complexe scolaire et socioculturel.<\/li>\n<\/ul>\n<\/li>\n\n\n\n<li>Solidarit\u00e9, entraide et partage :\n<ul class=\"wp-block-list\">\n<li>Bienveillance \u2013 Prendre soin des personnes fragiles &#8211; Entraides ;<\/li>\n\n\n\n<li>Assister et regagner en commodit\u00e9s et en s\u00e9curit\u00e9. Recr\u00e9er du lien.<\/li>\n<\/ul>\n<\/li>\n\n\n\n<li>Services essentiels, vie facilit\u00e9e :\n<ul class=\"wp-block-list\">\n<li>Lancer un programme de planification et de r\u00e9fection des r\u00e9seaux d\u2019eau ;<\/li>\n\n\n\n<li>Etudier les rejets d\u2019eau selon les villages et intervenir autant que de besoin ;<\/li>\n\n\n\n<li>Revoir avec vous les principes d\u2019\u00e9clairage.<\/li>\n<\/ul>\n<\/li>\n\n\n\n<li>Infrastructures et b\u00e2timents communaux :\n<ul class=\"wp-block-list\">\n<li>Mettre aux normes l\u2019acc\u00e8s \u00e0 nos b\u00e2timents publiques et cimeti\u00e8re, autant que possible ;<\/li>\n\n\n\n<li>Entretenir (d\u00e9sherber, embellir, \u2026) nos espaces publiques ;<\/li>\n\n\n\n<li>Am\u00e9liorer la signal\u00e9tique et le r\u00e9seau wifi.<\/li>\n<\/ul>\n<\/li>\n\n\n\n<li>Tourisme :\n<ul class=\"wp-block-list\">\n<li>Faire conna\u00eetre et signaler nos richesses patrimoniales et naturelles, nos lieux d\u2019accueil ;<\/li>\n\n\n\n<li>Accompagner l\u2019accueil touristique (\u00e9tablissements, parkings, balades, \u2026).<\/li>\n<\/ul>\n<\/li>\n\n\n\n<li>Economie locale, budget, Comcom.\n<ul class=\"wp-block-list\">\n<li>Favoriser les activit\u00e9s agricoles, industrielles, artisanales, de service, touristiques et de productions locales ;<\/li>\n\n\n\n<li>G\u00e9rer nos budgets \u00ab en bon p\u00e8re de famille \u00bb de notre commune et en toute transparence avec vous. Pr\u00e9voir, anticiper, planifier pour le futur, pour nos familles, pour notre qualit\u00e9 de vie ;<\/li>\n\n\n\n<li>Participer activement, avec d\u00e9termination, en assumant nos choix, \u00e0 la Communaut\u00e9 de commune pour veiller \u00e0 la sauvegarde de nos int\u00e9r\u00eats.<\/li>\n<\/ul>\n<\/li>\n<\/ul>\n\n\n\n<p>Pour une commune dynamique avec bienveillance et transparence.<\/p>\n\n\n\n<h2 class=\"wp-block-heading\">Nos comp\u00e9tences<\/h2>\n\n\n\n<p>Au fil des semaines, vous avez pu nous d\u00e9couvrir et vous avez pu juger de nos profils et des comp\u00e9tences que nous pourrons d\u00e9ployer au profit de notre belle commune. <strong>L\u2019\u00e9quipe constitu\u00e9e repr\u00e9sente l\u2019ensemble de notre population<\/strong> tant par la diversit\u00e9 des g\u00e9n\u00e9rations que par les m\u00e9tiers qu\u2019elle exerce.<\/p>\n\n\n\n<p>Chaque membre repr\u00e9sente une zone g\u00e9ographique de notre territoire<strong>. Chacun d\u2019eux se pr\u00e9sente sans ambitions personnelles et n\u2019a aucun int\u00e9r\u00eat direct ou indirect<\/strong>.<\/p>\n\n\n\n<p>Nous sommes totalement <strong>apolitiques<\/strong> et entretenons d\u2019excellentes relations avec nos repr\u00e9sentants au Parlement et au S\u00e9nat, le d\u00e9partement, la r\u00e9gion et les services de l\u2019Etat.<\/p>\n\n\n\n<p><strong>Nos valeurs<\/strong> ont \u00e9t\u00e9 affirm\u00e9es de nombreuses fois. Elles nous permettront d\u2019avoir <strong>l\u2019\u00e9coute, l\u2019attention et la communication tant attendues<\/strong>. G\u00e9rer une commune c\u2019est aussi prendre <strong>en consid\u00e9ration les attentes, respecter les avis et avoir de la bienveillance<\/strong>.<\/p>\n\n\n\n<p>Restons humbles et conscients que Saint Laurent en Beaumont s\u2019est construit \u00e0 travers les si\u00e8cles et que personne n\u2019a la totale connaissance de ce vaste territoire. Pour r\u00e9ussir, nous aurons <strong>besoin de vous Toutes et Tous &#8211; Ensemble Aujourd\u2019hui et Demain.<\/strong><\/p>\n\n\n\n<figure class=\"wp-block-image aligncenter size-large is-resized\"><img loading=\"lazy\" decoding=\"async\" width=\"1024\" height=\"750\" src=\"https:\/\/saint-laurent-en-beaumont2026.fr\/wp-content\/uploads\/2026\/02\/Competences-VF-1024x750.png\" alt=\"Comp\u00e9tences\" class=\"wp-image-206\" style=\"width:800px\" srcset=\"https:\/\/saint-laurent-en-beaumont2026.fr\/wp-content\/uploads\/2026\/02\/Competences-VF-1024x750.png 1024w, https:\/\/saint-laurent-en-beaumont2026.fr\/wp-content\/uploads\/2026\/02\/Competences-VF-300x220.png 300w, https:\/\/saint-laurent-en-beaumont2026.fr\/wp-content\/uploads\/2026\/02\/Competences-VF-768x562.png 768w, https:\/\/saint-laurent-en-beaumont2026.fr\/wp-content\/uploads\/2026\/02\/Competences-VF.png 1217w\" sizes=\"auto, (max-width: 1024px) 100vw, 1024px\" \/><\/figure>\n\n\n\n<div class=\"wp-block-group is-content-justification-center is-nowrap is-layout-flex wp-container-core-group-is-layout-23441af8 wp-block-group-is-layout-flex\">\n<figure class=\"wp-block-image size-large\"><img loading=\"lazy\" decoding=\"async\" width=\"819\" height=\"1024\" src=\"https:\/\/saint-laurent-en-beaumont2026.fr\/wp-content\/uploads\/2026\/02\/11-819x1024.jpg\" alt=\"Thierry Meilland-Rey\u00a0:    Sciences de la terre \u2013 management \u2013 finances \u2013 techniques  \n\t\t\t         enseignement \u2013 associatif - relations.\nMarta Rybczynska\u00a0:           Nouvelles technologies - gestion d\u2019entreprise - associatif,  \n                                                    finances \u2013 communication - enseignement.                                   \nDimitri\u00a0Girardi :                  Management - gestion \u2013 territoires - relations. \nMarjorie\u00a0Freynet :             Sport \u2013 jeunesse \u2013 \u00e9ducation sp\u00e9cialis\u00e9e.\nKevin S\u00e9chier\u00a0:                    Maintenance - associatif \u2013 environnement - patrimoine.\" class=\"wp-image-209\" srcset=\"https:\/\/saint-laurent-en-beaumont2026.fr\/wp-content\/uploads\/2026\/02\/11-819x1024.jpg 819w, https:\/\/saint-laurent-en-beaumont2026.fr\/wp-content\/uploads\/2026\/02\/11-240x300.jpg 240w, https:\/\/saint-laurent-en-beaumont2026.fr\/wp-content\/uploads\/2026\/02\/11-768x960.jpg 768w, https:\/\/saint-laurent-en-beaumont2026.fr\/wp-content\/uploads\/2026\/02\/11.jpg 1080w\" sizes=\"auto, (max-width: 819px) 100vw, 819px\" \/><\/figure>\n\n\n\n<figure class=\"wp-block-image size-large\"><img loading=\"lazy\" decoding=\"async\" width=\"819\" height=\"1024\" src=\"https:\/\/saint-laurent-en-beaumont2026.fr\/wp-content\/uploads\/2026\/02\/12-819x1024.jpg\" alt=\"Isabelle Mendes\u00a0:             Social et sanitaire \u2013 associatif \u2013 patrimoine.\nFranck\u00a0Giraud-Bit :           Entretien \u2013 connaissance infrastructures \u2013 liens.\nClaire\u00a0Royer :                       Relationnel \u2013 personnes fragiles.\nBernard\u00a0Charles :              Chef projets \u2013 environnement \u2013 infrastructures rurales.\nMarie\u00a0Blois :                          Environnement \u2013 handicap - bien\u00eatre humain et animal.\nJean-Michel\u00a0Djemaoui:   Liens et droits sociaux.\" class=\"wp-image-210\" srcset=\"https:\/\/saint-laurent-en-beaumont2026.fr\/wp-content\/uploads\/2026\/02\/12-819x1024.jpg 819w, https:\/\/saint-laurent-en-beaumont2026.fr\/wp-content\/uploads\/2026\/02\/12-240x300.jpg 240w, https:\/\/saint-laurent-en-beaumont2026.fr\/wp-content\/uploads\/2026\/02\/12-768x960.jpg 768w, https:\/\/saint-laurent-en-beaumont2026.fr\/wp-content\/uploads\/2026\/02\/12.jpg 1080w\" sizes=\"auto, (max-width: 819px) 100vw, 819px\" \/><\/figure>\n<\/div>\n","protected":false},"excerpt":{"rendered":"<p>Les r\u00e9sultats sont maintenant connus. Notre liste a obtenu&nbsp;117 voix&nbsp;et comptera&nbsp;2 \u00e9lus au conseil municipal. Nous remercions sinc\u00e8rement toutes celles et ceux qui nous ont accord\u00e9 leur confiance. Votre soutien compte beaucoup pour nous. M\u00eame si nous aurions souhait\u00e9 un autre r\u00e9sultat, votre vote montre qu\u2019une part importante des habitants partage notre volont\u00e9 de faire [&hellip;]<\/p>\n","protected":false},"author":2,"featured_media":0,"parent":0,"menu_order":0,"comment_status":"closed","ping_status":"closed","template":"","meta":{"footnotes":""},"class_list":["post-12","page","type-page","status-publish","hentry"],"_links":{"self":[{"href":"https:\/\/saint-laurent-en-beaumont2026.fr\/index.php\/wp-json\/wp\/v2\/pages\/12","targetHints":{"allow":["GET"]}}],"collection":[{"href":"https:\/\/saint-laurent-en-beaumont2026.fr\/index.php\/wp-json\/wp\/v2\/pages"}],"about":[{"href":"https:\/\/saint-laurent-en-beaumont2026.fr\/index.php\/wp-json\/wp\/v2\/types\/page"}],"author":[{"embeddable":true,"href":"https:\/\/saint-laurent-en-beaumont2026.fr\/index.php\/wp-json\/wp\/v2\/users\/2"}],"replies":[{"embeddable":true,"href":"https:\/\/saint-laurent-en-beaumont2026.fr\/index.php\/wp-json\/wp\/v2\/comments?post=12"}],"version-history":[{"count":34,"href":"https:\/\/saint-laurent-en-beaumont2026.fr\/index.php\/wp-json\/wp\/v2\/pages\/12\/revisions"}],"predecessor-version":[{"id":220,"href":"https:\/\/saint-laurent-en-beaumont2026.fr\/index.php\/wp-json\/wp\/v2\/pages\/12\/revisions\/220"}],"wp:attachment":[{"href":"https:\/\/saint-laurent-en-beaumont2026.fr\/index.php\/wp-json\/wp\/v2\/media?parent=12"}],"curies":[{"name":"wp","href":"https:\/\/api.w.org\/{rel}","templated":true}]}}